{"id":863,"date":"2024-02-08T11:26:44","date_gmt":"2024-02-08T10:26:44","guid":{"rendered":"https:\/\/sarm.me\/spa\/"},"modified":"2024-02-08T11:26:44","modified_gmt":"2024-02-08T10:26:44","slug":"spa","status":"publish","type":"page","link":"https:\/\/sarm.me\/en\/spa\/","title":{"rendered":"SPA"},"content":{"rendered":"","protected":false},"excerpt":{"rendered":"","protected":false},"author":1,"featured_media":862,"parent":0,"menu_order":0,"comment_status":"closed","ping_status":"closed","template":"page-templates\/spa.php","meta":{"footnotes":""},"class_list":["post-863","page","type-page","status-publish","has-post-thumbnail","hentry"],"yoast_head":"<!-- This site is optimized with the Yoast SEO plugin v26.8 - https:\/\/yoast.com\/product\/yoast-seo-wordpress\/ -->\n<title>SPA - sarm.me<\/title>\n<meta name=\"robots\" content=\"index, follow, max-snippet:-1, max-image-preview:large, max-video-preview:-1\" \/>\n<link rel=\"canonical\" href=\"https:\/\/sarm.me\/spa\/\" \/>\n<meta property=\"og:locale\" content=\"en_US\" \/>\n<meta property=\"og:type\" content=\"article\" \/>\n<meta property=\"og:title\" content=\"SPA - sarm.me\" \/>\n<meta property=\"og:url\" content=\"https:\/\/sarm.me\/spa\/\" \/>\n<meta property=\"og:site_name\" content=\"sarm.me\" \/>\n<meta name=\"twitter:card\" content=\"summary_large_image\" \/>\n<script type=\"application\/ld+json\" class=\"yoast-schema-graph\">{\"@context\":\"https:\/\/schema.org\",\"@graph\":[{\"@type\":\"WebPage\",\"@id\":\"https:\/\/sarm.me\/spa\/\",\"url\":\"https:\/\/sarm.me\/spa\/\",\"name\":\"SPA - sarm.me\",\"isPartOf\":{\"@id\":\"https:\/\/sarm.me\/#website\"},\"primaryImageOfPage\":{\"@id\":\"https:\/\/sarm.me\/spa\/#primaryimage\"},\"image\":{\"@id\":\"https:\/\/sarm.me\/spa\/#primaryimage\"},\"thumbnailUrl\":\"https:\/\/sarm.me\/wp-content\/uploads\/2024\/02\/sarm_spa-1.jpg\",\"datePublished\":\"2024-02-08T10:26:44+00:00\",\"breadcrumb\":{\"@id\":\"https:\/\/sarm.me\/spa\/#breadcrumb\"},\"inLanguage\":\"en-US\",\"potentialAction\":[{\"@type\":\"ReadAction\",\"target\":[\"https:\/\/sarm.me\/spa\/\"]}]},{\"@type\":\"ImageObject\",\"inLanguage\":\"en-US\",\"@id\":\"https:\/\/sarm.me\/spa\/#primaryimage\",\"url\":\"https:\/\/sarm.me\/wp-content\/uploads\/2024\/02\/sarm_spa-1.jpg\",\"contentUrl\":\"https:\/\/sarm.me\/wp-content\/uploads\/2024\/02\/sarm_spa-1.jpg\",\"width\":1920,\"height\":1280},{\"@type\":\"BreadcrumbList\",\"@id\":\"https:\/\/sarm.me\/spa\/#breadcrumb\",\"itemListElement\":[{\"@type\":\"ListItem\",\"position\":1,\"name\":\"Home\",\"item\":\"https:\/\/sarm.me\/en\/\"},{\"@type\":\"ListItem\",\"position\":2,\"name\":\"SPA\"}]},{\"@type\":\"WebSite\",\"@id\":\"https:\/\/sarm.me\/#website\",\"url\":\"https:\/\/sarm.me\/\",\"name\":\"sarm.me\",\"description\":\"Kompanija \u0160ARM danas predstavlja vode\u0107u firmu u Crnoj Gori posebno u oblasti Beauty, Spa &amp; Wellness-a i edukacije kadra za iste. Na\u0161a vizija je da budemo sinonim za kompaniju koja stalno postavlja vi\u0161e standarde, nove navike i trendove, izdi\u017eu\u0107i ih na najve\u0107i nivo.\",\"publisher\":{\"@id\":\"https:\/\/sarm.me\/#organization\"},\"potentialAction\":[{\"@type\":\"SearchAction\",\"target\":{\"@type\":\"EntryPoint\",\"urlTemplate\":\"https:\/\/sarm.me\/?s={search_term_string}\"},\"query-input\":{\"@type\":\"PropertyValueSpecification\",\"valueRequired\":true,\"valueName\":\"search_term_string\"}}],\"inLanguage\":\"en-US\"},{\"@type\":\"Organization\",\"@id\":\"https:\/\/sarm.me\/#organization\",\"name\":\"\u0160ARM d.o.o.\",\"url\":\"https:\/\/sarm.me\/\",\"logo\":{\"@type\":\"ImageObject\",\"inLanguage\":\"en-US\",\"@id\":\"https:\/\/sarm.me\/#\/schema\/logo\/image\/\",\"url\":\"https:\/\/sarm.me\/wp-content\/uploads\/2021\/01\/Sarm-Group-Logo.png\",\"contentUrl\":\"https:\/\/sarm.me\/wp-content\/uploads\/2021\/01\/Sarm-Group-Logo.png\",\"width\":195,\"height\":61,\"caption\":\"\u0160ARM d.o.o.\"},\"image\":{\"@id\":\"https:\/\/sarm.me\/#\/schema\/logo\/image\/\"}}]}<\/script>\n<!-- \/ Yoast SEO plugin. -->","yoast_head_json":{"title":"SPA - sarm.me","robots":{"index":"index","follow":"follow","max-snippet":"max-snippet:-1","max-image-preview":"max-image-preview:large","max-video-preview":"max-video-preview:-1"},"canonical":"https:\/\/sarm.me\/spa\/","og_locale":"en_US","og_type":"article","og_title":"SPA - sarm.me","og_url":"https:\/\/sarm.me\/spa\/","og_site_name":"sarm.me","twitter_card":"summary_large_image","schema":{"@context":"https:\/\/schema.org","@graph":[{"@type":"WebPage","@id":"https:\/\/sarm.me\/spa\/","url":"https:\/\/sarm.me\/spa\/","name":"SPA - sarm.me","isPartOf":{"@id":"https:\/\/sarm.me\/#website"},"primaryImageOfPage":{"@id":"https:\/\/sarm.me\/spa\/#primaryimage"},"image":{"@id":"https:\/\/sarm.me\/spa\/#primaryimage"},"thumbnailUrl":"https:\/\/sarm.me\/wp-content\/uploads\/2024\/02\/sarm_spa-1.jpg","datePublished":"2024-02-08T10:26:44+00:00","breadcrumb":{"@id":"https:\/\/sarm.me\/spa\/#breadcrumb"},"inLanguage":"en-US","potentialAction":[{"@type":"ReadAction","target":["https:\/\/sarm.me\/spa\/"]}]},{"@type":"ImageObject","inLanguage":"en-US","@id":"https:\/\/sarm.me\/spa\/#primaryimage","url":"https:\/\/sarm.me\/wp-content\/uploads\/2024\/02\/sarm_spa-1.jpg","contentUrl":"https:\/\/sarm.me\/wp-content\/uploads\/2024\/02\/sarm_spa-1.jpg","width":1920,"height":1280},{"@type":"BreadcrumbList","@id":"https:\/\/sarm.me\/spa\/#breadcrumb","itemListElement":[{"@type":"ListItem","position":1,"name":"Home","item":"https:\/\/sarm.me\/en\/"},{"@type":"ListItem","position":2,"name":"SPA"}]},{"@type":"WebSite","@id":"https:\/\/sarm.me\/#website","url":"https:\/\/sarm.me\/","name":"sarm.me","description":"Kompanija \u0160ARM danas predstavlja vode\u0107u firmu u Crnoj Gori posebno u oblasti Beauty, Spa &amp; Wellness-a i edukacije kadra za iste. Na\u0161a vizija je da budemo sinonim za kompaniju koja stalno postavlja vi\u0161e standarde, nove navike i trendove, izdi\u017eu\u0107i ih na najve\u0107i nivo.","publisher":{"@id":"https:\/\/sarm.me\/#organization"},"potentialAction":[{"@type":"SearchAction","target":{"@type":"EntryPoint","urlTemplate":"https:\/\/sarm.me\/?s={search_term_string}"},"query-input":{"@type":"PropertyValueSpecification","valueRequired":true,"valueName":"search_term_string"}}],"inLanguage":"en-US"},{"@type":"Organization","@id":"https:\/\/sarm.me\/#organization","name":"\u0160ARM d.o.o.","url":"https:\/\/sarm.me\/","logo":{"@type":"ImageObject","inLanguage":"en-US","@id":"https:\/\/sarm.me\/#\/schema\/logo\/image\/","url":"https:\/\/sarm.me\/wp-content\/uploads\/2021\/01\/Sarm-Group-Logo.png","contentUrl":"https:\/\/sarm.me\/wp-content\/uploads\/2021\/01\/Sarm-Group-Logo.png","width":195,"height":61,"caption":"\u0160ARM d.o.o."},"image":{"@id":"https:\/\/sarm.me\/#\/schema\/logo\/image\/"}}]}},"_links":{"self":[{"href":"https:\/\/sarm.me\/en\/wp-json\/wp\/v2\/pages\/863","targetHints":{"allow":["GET"]}}],"collection":[{"href":"https:\/\/sarm.me\/en\/wp-json\/wp\/v2\/pages"}],"about":[{"href":"https:\/\/sarm.me\/en\/wp-json\/wp\/v2\/types\/page"}],"author":[{"embeddable":true,"href":"https:\/\/sarm.me\/en\/wp-json\/wp\/v2\/users\/1"}],"replies":[{"embeddable":true,"href":"https:\/\/sarm.me\/en\/wp-json\/wp\/v2\/comments?post=863"}],"version-history":[{"count":0,"href":"https:\/\/sarm.me\/en\/wp-json\/wp\/v2\/pages\/863\/revisions"}],"wp:featuredmedia":[{"embeddable":true,"href":"https:\/\/sarm.me\/en\/wp-json\/wp\/v2\/media\/862"}],"wp:attachment":[{"href":"https:\/\/sarm.me\/en\/wp-json\/wp\/v2\/media?parent=863"}],"curies":[{"name":"wp","href":"https:\/\/api.w.org\/{rel}","templated":true}]}}